{"id":89,"date":"2017-10-19T17:33:03","date_gmt":"2017-10-19T17:33:03","guid":{"rendered":"http:\/\/www.siledrafitapicierasm.com\/?page_id=89"},"modified":"2025-04-09T08:00:18","modified_gmt":"2025-04-09T08:00:18","slug":"dr-baycan-aras","status":"publish","type":"page","link":"https:\/\/drafitapicierasm.com.tr\/index.php\/kadromuz\/dr-baycan-aras\/","title":{"rendered":"Dr. Baycan ARAS"},"content":{"rendered":"<table width=\"735\">\n<tbody>\n<tr>\n<td colspan=\"7\" rowspan=\"3\" width=\"735\">\u0130STANBUL \u0130L\u0130<br \/>\n\u015e\u0130LE \u0130L\u00c7ES\u0130<br \/>\nMERKEZ DR. AF\u0130TAP \u0130\u00c7\u0130ER A\u0130LE SA\u011eLI\u011eI MERKEZ\u0130<br \/>\n34.34.006 NOLU A\u0130LE HEK\u0130ML\u0130\u011e\u0130 B\u0130R\u0130M\u0130<br \/>\nHAFTALIK MESA\u0130 SAAT \u00c7\u0130ZELGES\u0130 (AYIN 1. HAFTASI)<\/td>\n<\/tr>\n<\/tbody>\n<\/table>\n<table width=\"735\">\n<tbody>\n<tr>\n<td width=\"132\">Aile Hekimi Ad\u0131<\/td>\n<td width=\"104\">Pazartesi<\/td>\n<td width=\"104\">Sal\u0131<\/td>\n<td width=\"104\">\u00c7ar\u015famba<\/td>\n<td width=\"104\">Per\u015fembe<\/td>\n<td width=\"104\">Cuma<\/td>\n<td width=\"83\">Toplam<br \/>\nMesai Saati<\/td>\n<\/tr>\n<tr>\n<td>Dr. Baycan ARAS<\/td>\n<td>07:00-18:00<\/td>\n<td>08:00-17:00<\/td>\n<td>08:00-17:00<\/td>\n<td>08:00-17:00<\/td>\n<td>08:00-15:00<\/td>\n<td><\/td>\n<\/tr>\n<tr>\n<td>Kurum \u0130\u00e7i Mesai<\/td>\n<td>07:00-13:00<\/td>\n<td>08:00-12:00<\/td>\n<td><\/td>\n<td>08:00-12:00<\/td>\n<td>08:00-12:00<\/td>\n<td><\/td>\n<\/tr>\n<tr>\n<td>Kurum D\u0131\u015f\u0131 Mesai<\/td>\n<td><\/td>\n<td><\/td>\n<td>08:00-12:00 (G)<\/td>\n<td><\/td>\n<td><\/td>\n<td><\/td>\n<\/tr>\n<tr>\n<td>\u00d6\u011fle Aras\u0131<\/td>\n<td>13:00-14:00<\/td>\n<td>12:00-13:00<\/td>\n<td>12:00-13:00<\/td>\n<td>12:00-13:00<\/td>\n<td>12:00-13:00<\/td>\n<td><\/td>\n<\/tr>\n<tr>\n<td>Kurum \u0130\u00e7i Mesai<\/td>\n<td>14:00-18:00<\/td>\n<td>13:00-17:00<\/td>\n<td><\/td>\n<td><\/td>\n<td>13:00-15:00<\/td>\n<td><\/td>\n<\/tr>\n<tr>\n<td>Kurum D\u0131\u015f\u0131 Mesai<\/td>\n<td><\/td>\n<td><\/td>\n<td>13:00-17:00 (G)<\/td>\n<td>13:00-17:00<\/td>\n<td><\/td>\n<td><\/td>\n<\/tr>\n<tr>\n<td>Mesai Saati<\/td>\n<td>10 saat<\/td>\n<td>8 saat<\/td>\n<td>8 saat<\/td>\n<td>8 saat<\/td>\n<td>6 saat<\/td>\n<td>40 saat<\/td>\n<\/tr>\n<\/tbody>\n<\/table>\n<table width=\"735\">\n<tbody>\n<tr>\n<td colspan=\"7\" rowspan=\"3\" width=\"735\">\u0130STANBUL \u0130L\u0130<br \/>\n\u015e\u0130LE \u0130L\u00c7ES\u0130<br \/>\nMERKEZ DR. AF\u0130TAP \u0130\u00c7\u0130ER A\u0130LE SA\u011eLI\u011eI MERKEZ\u0130<br \/>\n34.34.006 NOLU A\u0130LE HEK\u0130ML\u0130\u011e\u0130 B\u0130R\u0130M\u0130<br \/>\nHAFTALIK MESA\u0130 SAAT \u00c7\u0130ZELGES\u0130 (AYIN 2. HAFTASI)<\/td>\n<\/tr>\n<\/tbody>\n<\/table>\n<table width=\"735\">\n<tbody>\n<tr>\n<td width=\"132\">Aile Hekimi Ad\u0131<\/td>\n<td width=\"104\">Pazartesi<\/td>\n<td width=\"104\">Sal\u0131<\/td>\n<td width=\"104\">\u00c7ar\u015famba<\/td>\n<td width=\"104\">Per\u015fembe<\/td>\n<td width=\"104\">Cuma<\/td>\n<td width=\"83\">Toplam<br \/>\nMesai Saati<\/td>\n<\/tr>\n<tr>\n<td>Dr. Baycan ARAS<\/td>\n<td>07:00-18:00<\/td>\n<td>08:00-17:00<\/td>\n<td>08:00-17:00<\/td>\n<td>08:00-17:00<\/td>\n<td>08:00-15:00<\/td>\n<td><\/td>\n<\/tr>\n<tr>\n<td>Kurum \u0130\u00e7i Mesai<\/td>\n<td>07:00-13:00<\/td>\n<td>08:00-12:00<\/td>\n<td><\/td>\n<td>08:00-12:00<\/td>\n<td>08:00-12:00<\/td>\n<td><\/td>\n<\/tr>\n<tr>\n<td>Kurum D\u0131\u015f\u0131 Mesai<\/td>\n<td><\/td>\n<td><\/td>\n<td>08:00-13:00 (G)<\/td>\n<td><\/td>\n<td><\/td>\n<td><\/td>\n<\/tr>\n<tr>\n<td>\u00d6\u011fle Aras\u0131<\/td>\n<td>13:00-14:00<\/td>\n<td>12:00-13:00<\/td>\n<td>13:00-14:00<\/td>\n<td>12:00-13:00<\/td>\n<td>12:00-13:00<\/td>\n<td><\/td>\n<\/tr>\n<tr>\n<td>Kurum \u0130\u00e7i Mesai<\/td>\n<td>14:00-18:00<\/td>\n<td>13:00-17:00<\/td>\n<td><\/td>\n<td><\/td>\n<td>13:00-15:00<\/td>\n<td><\/td>\n<\/tr>\n<tr>\n<td>Kurum D\u0131\u015f\u0131 Mesai<\/td>\n<td><\/td>\n<td><\/td>\n<td>14:00-17:00 (G)<\/td>\n<td>13:00-17:00<\/td>\n<td><\/td>\n<td><\/td>\n<\/tr>\n<tr>\n<td>Mesai Saati<\/td>\n<td>10 saat<\/td>\n<td>8 saat<\/td>\n<td>8 saat<\/td>\n<td>8 saat<\/td>\n<td>6 saat<\/td>\n<td>40 saat<\/td>\n<\/tr>\n<\/tbody>\n<\/table>\n<table width=\"735\">\n<tbody>\n<tr>\n<td colspan=\"7\" rowspan=\"3\" width=\"735\">\u0130STANBUL \u0130L\u0130<br \/>\n\u015e\u0130LE \u0130L\u00c7ES\u0130<br \/>\nMERKEZ DR. AF\u0130TAP \u0130\u00c7\u0130ER A\u0130LE SA\u011eLI\u011eI MERKEZ\u0130<br \/>\n34.34.006 NOLU A\u0130LE HEK\u0130ML\u0130\u011e\u0130 B\u0130R\u0130M\u0130<br \/>\nHAFTALIK MESA\u0130 SAAT \u00c7\u0130ZELGES\u0130 (AYIN 3. HAFTASI)<\/td>\n<\/tr>\n<\/tbody>\n<\/table>\n<table width=\"735\">\n<tbody>\n<tr>\n<td width=\"132\">Aile Hekimi Ad\u0131<\/td>\n<td width=\"104\">Pazartesi<\/td>\n<td width=\"104\">Sal\u0131<\/td>\n<td width=\"104\">\u00c7ar\u015famba<\/td>\n<td width=\"104\">Per\u015fembe<\/td>\n<td width=\"104\">Cuma<\/td>\n<td width=\"83\">Toplam<br \/>\nMesai Saati<\/td>\n<\/tr>\n<tr>\n<td>Dr. Baycan ARAS<\/td>\n<td>07:00-18:00<\/td>\n<td>08:00-17:00<\/td>\n<td>08:00-17:00<\/td>\n<td>08:00-17:00<\/td>\n<td>08:00-15:00<\/td>\n<td><\/td>\n<\/tr>\n<tr>\n<td>Kurum \u0130\u00e7i Mesai<\/td>\n<td>07:00-13:00<\/td>\n<td>08:00-12:00<\/td>\n<td><\/td>\n<td>08:00-12:00<\/td>\n<td>08:00-12:00<\/td>\n<td><\/td>\n<\/tr>\n<tr>\n<td>Kurum D\u0131\u015f\u0131 Mesai<\/td>\n<td><\/td>\n<td><\/td>\n<td>08:00-12:00 (G)<\/td>\n<td><\/td>\n<td><\/td>\n<td><\/td>\n<\/tr>\n<tr>\n<td>\u00d6\u011fle Aras\u0131<\/td>\n<td>13:00-14:00<\/td>\n<td>12:00-13:00<\/td>\n<td>12:00-13:00<\/td>\n<td>12:00-13:00<\/td>\n<td>12:00-13:00<\/td>\n<td><\/td>\n<\/tr>\n<tr>\n<td>Kurum \u0130\u00e7i Mesai<\/td>\n<td>14:00-18:00<\/td>\n<td>13:00-17:00<\/td>\n<td><\/td>\n<td><\/td>\n<td>13:00-15:00<\/td>\n<td><\/td>\n<\/tr>\n<tr>\n<td>Kurum D\u0131\u015f\u0131 Mesai<\/td>\n<td><\/td>\n<td><\/td>\n<td>13:00-17:00 (G)<\/td>\n<td>13:00-17:00<\/td>\n<td><\/td>\n<td><\/td>\n<\/tr>\n<tr>\n<td>Mesai Saati<\/td>\n<td>10 saat<\/td>\n<td>8 saat<\/td>\n<td>8 saat<\/td>\n<td>8 saat<\/td>\n<td>6 saat<\/td>\n<td>40 saat<\/td>\n<\/tr>\n<\/tbody>\n<\/table>\n<table width=\"735\">\n<tbody>\n<tr>\n<td colspan=\"7\" rowspan=\"3\" width=\"735\">\u0130STANBUL \u0130L\u0130<br \/>\n\u015e\u0130LE \u0130L\u00c7ES\u0130<br \/>\nMERKEZ DR. AF\u0130TAP \u0130\u00c7\u0130ER A\u0130LE SA\u011eLI\u011eI MERKEZ\u0130<br \/>\n34.34.006 NOLU A\u0130LE HEK\u0130ML\u0130\u011e\u0130 B\u0130R\u0130M\u0130<br \/>\nHAFTALIK MESA\u0130 SAAT \u00c7\u0130ZELGES\u0130 (AYIN 4. HAFTASI)<\/td>\n<\/tr>\n<\/tbody>\n<\/table>\n<table width=\"735\">\n<tbody>\n<tr>\n<td width=\"132\">Aile Hekimi Ad\u0131<\/td>\n<td width=\"104\">Pazartesi<\/td>\n<td width=\"104\">Sal\u0131<\/td>\n<td width=\"104\">\u00c7ar\u015famba<\/td>\n<td width=\"104\">Per\u015fembe<\/td>\n<td width=\"104\">Cuma<\/td>\n<td width=\"83\">Toplam<br \/>\nMesai Saati<\/td>\n<\/tr>\n<tr>\n<td>Dr. Baycan ARAS<\/td>\n<td>07:00-18:00<\/td>\n<td>08:00-17:00<\/td>\n<td>08:00-17:00<\/td>\n<td>08:00-17:00<\/td>\n<td>08:00-15:00<\/td>\n<td><\/td>\n<\/tr>\n<tr>\n<td>Kurum \u0130\u00e7i Mesai<\/td>\n<td>07:00-13:00<\/td>\n<td>08:00-12:00<\/td>\n<td><\/td>\n<td>08:00-12:00<\/td>\n<td>08:00-12:00<\/td>\n<td><\/td>\n<\/tr>\n<tr>\n<td>Kurum D\u0131\u015f\u0131 Mesai<\/td>\n<td><\/td>\n<td><\/td>\n<td>08:00-11:30 (G)<\/td>\n<td><\/td>\n<td><\/td>\n<td><\/td>\n<\/tr>\n<tr>\n<td>\u00d6\u011fle Aras\u0131<\/td>\n<td>13:00-14:00<\/td>\n<td>12:00-13:00<\/td>\n<td>11:30-12:30<\/td>\n<td>12:00-13:00<\/td>\n<td>12:00-13:00<\/td>\n<td><\/td>\n<\/tr>\n<tr>\n<td>Kurum \u0130\u00e7i Mesai<\/td>\n<td>14:00-18:00<\/td>\n<td>13:00-17:00<\/td>\n<td>12:30-17:00<\/td>\n<td><\/td>\n<td>13:00-15:00<\/td>\n<td><\/td>\n<\/tr>\n<tr>\n<td>Kurum D\u0131\u015f\u0131 Mesai<\/td>\n<td><\/td>\n<td><\/td>\n<td><\/td>\n<td>13:00-17:00<\/td>\n<td><\/td>\n<td><\/td>\n<\/tr>\n<tr>\n<td>Mesai Saati<\/td>\n<td>10 saat<\/td>\n<td>8 saat<\/td>\n<td>8 saat<\/td>\n<td>8 saat<\/td>\n<td>6 saat<\/td>\n<td>40 saat<\/td>\n<\/tr>\n<tr>\n<td><\/td>\n<td><\/td>\n<td><\/td>\n<td><\/td>\n<td><\/td>\n<td><\/td>\n<td><\/td>\n<\/tr>\n<tr>\n<td colspan=\"5\">Kurum \u0130\u00e7i Mesai: Poliklinik, gebe izlem, bebek izlem, a\u015f\u0131, pansuman, laboratuvar v.b. sa\u011fl\u0131k hizmetleridir.<\/td>\n<td><\/td>\n<td><\/td>\n<\/tr>\n<tr>\n<td colspan=\"7\">Kurum D\u0131\u015f\u0131 Mesai: Gezici sa\u011fl\u0131k hizmetleri(G), yerinde sa\u011fl\u0131k hizmetleri(Y), gebliz i\u00e7in ev ziyaretleri, kay\u0131tl\u0131 yatalak hasta ziyaretleri v.b. hizmetlerin saatlerini kapsar.<\/td>\n<\/tr>\n<\/tbody>\n<\/table>\n","protected":false},"excerpt":{"rendered":"<p>\u0130STANBUL \u0130L\u0130 \u015e\u0130LE \u0130L\u00c7ES\u0130 MERKEZ DR. AF\u0130TAP \u0130\u00c7\u0130ER A\u0130LE SA\u011eLI\u011eI MERKEZ\u0130 34.34.006 NOLU A\u0130LE HEK\u0130ML\u0130\u011e\u0130 B\u0130R\u0130M\u0130 HAFTALIK MESA\u0130 SAAT \u00c7\u0130ZELGES\u0130 (AYIN 1. HAFTASI) Aile Hekimi Ad\u0131 Pazartesi Sal\u0131 \u00c7ar\u015famba Per\u015fembe Cuma Toplam Mesai Saati Dr. Baycan ARAS 07:00-18:00 08:00-17:00 08:00-17:00 &hellip;<\/p>\n","protected":false},"author":1,"featured_media":0,"parent":63,"menu_order":0,"comment_status":"closed","ping_status":"closed","template":"template-full.php","meta":{"footnotes":""},"class_list":["post-89","page","type-page","status-publish","hentry"],"_links":{"self":[{"href":"https:\/\/drafitapicierasm.com.tr\/index.php\/wp-json\/wp\/v2\/pages\/89","targetHints":{"allow":["GET"]}}],"collection":[{"href":"https:\/\/drafitapicierasm.com.tr\/index.php\/wp-json\/wp\/v2\/pages"}],"about":[{"href":"https:\/\/drafitapicierasm.com.tr\/index.php\/wp-json\/wp\/v2\/types\/page"}],"author":[{"embeddable":true,"href":"https:\/\/drafitapicierasm.com.tr\/index.php\/wp-json\/wp\/v2\/users\/1"}],"replies":[{"embeddable":true,"href":"https:\/\/drafitapicierasm.com.tr\/index.php\/wp-json\/wp\/v2\/comments?post=89"}],"version-history":[{"count":5,"href":"https:\/\/drafitapicierasm.com.tr\/index.php\/wp-json\/wp\/v2\/pages\/89\/revisions"}],"predecessor-version":[{"id":209,"href":"https:\/\/drafitapicierasm.com.tr\/index.php\/wp-json\/wp\/v2\/pages\/89\/revisions\/209"}],"up":[{"embeddable":true,"href":"https:\/\/drafitapicierasm.com.tr\/index.php\/wp-json\/wp\/v2\/pages\/63"}],"wp:attachment":[{"href":"https:\/\/drafitapicierasm.com.tr\/index.php\/wp-json\/wp\/v2\/media?parent=89"}],"curies":[{"name":"wp","href":"https:\/\/api.w.org\/{rel}","templated":true}]}}